{"id":940,"date":"2023-12-14T22:51:48","date_gmt":"2023-12-14T19:51:48","guid":{"rendered":"https:\/\/revetproject.eu\/?page_id=940"},"modified":"2026-03-11T17:31:17","modified_gmt":"2026-03-11T14:31:17","slug":"newsletter-2","status":"publish","type":"page","link":"https:\/\/revetproject.eu\/it\/newsletter-2\/","title":{"rendered":"Newsletter 2"},"content":{"rendered":"<p style=\"text-align: center;\"><div class=\"_df_book df-lite\" id=\"df_932\"  _slug=\"re-vet-newsletter-2\" data-title=\"re-vet-newsletter-2-en\" wpoptions=\"true\" thumbtype=\"\" ><\/div><script class=\"df-shortcode-script\" nowprocket type=\"application\/javascript\">window.option_df_932 = {\"outline\":[],\"autoEnableOutline\":\"false\",\"autoEnableThumbnail\":\"false\",\"overwritePDFOutline\":\"false\",\"direction\":\"1\",\"pageSize\":\"0\",\"source\":\"https:\\\/\\\/revetproject.eu\\\/wp-content\\\/uploads\\\/2024\\\/03\\\/Newsletter-2.pdf\",\"wpOptions\":\"true\"}; if(window.DFLIP && window.DFLIP.parseBooks){window.DFLIP.parseBooks();}<\/script><\/p>\n<p>F\u00fcr Studierende, die Unterst\u00fctzung bei akademischen Arbeiten ben\u00f6tigen, kann es hilfreich sein, <a href=\"\/it\/studishark.de\/facharbeit-schreiben-lassen\/\" style=\"text-decoration: none !important; color: inherit !important;\">Facharbeit schreiben lassen<\/a> in Anspruch zu nehmen, um die Qualit\u00e4t ihrer Forschungsprojekte zu verbessern.<\/p>","protected":false},"excerpt":{"rendered":"<p>F\u00fcr Studierende, die Unterst\u00fctzung bei akademischen Arbeiten ben\u00f6tigen, kann es hilfreich sein, Facharbeit schreiben lassen in Anspruch zu nehmen, um die Qualit\u00e4t ihrer Forschungsprojekte zu verbessern.<\/p>","protected":false},"author":1,"featured_media":0,"parent":0,"menu_order":0,"comment_status":"closed","ping_status":"closed","template":"","meta":{"footnotes":""},"class_list":["post-940","page","type-page","status-publish","hentry"],"_links":{"self":[{"href":"https:\/\/revetproject.eu\/it\/wp-json\/wp\/v2\/pages\/940","targetHints":{"allow":["GET"]}}],"collection":[{"href":"https:\/\/revetproject.eu\/it\/wp-json\/wp\/v2\/pages"}],"about":[{"href":"https:\/\/revetproject.eu\/it\/wp-json\/wp\/v2\/types\/page"}],"author":[{"embeddable":true,"href":"https:\/\/revetproject.eu\/it\/wp-json\/wp\/v2\/users\/1"}],"replies":[{"embeddable":true,"href":"https:\/\/revetproject.eu\/it\/wp-json\/wp\/v2\/comments?post=940"}],"version-history":[{"count":2,"href":"https:\/\/revetproject.eu\/it\/wp-json\/wp\/v2\/pages\/940\/revisions"}],"predecessor-version":[{"id":1407,"href":"https:\/\/revetproject.eu\/it\/wp-json\/wp\/v2\/pages\/940\/revisions\/1407"}],"wp:attachment":[{"href":"https:\/\/revetproject.eu\/it\/wp-json\/wp\/v2\/media?parent=940"}],"curies":[{"name":"wp","href":"https:\/\/api.w.org\/{rel}","templated":true}]}}